{"id":4334,"date":"2024-04-09T13:50:33","date_gmt":"2024-04-09T11:50:33","guid":{"rendered":"https:\/\/positec-europe.com\/nos-marques-doutils-electriques-worx-positec\/"},"modified":"2025-07-15T23:43:49","modified_gmt":"2025-07-15T21:43:49","slug":"nos-marques-doutils-electriques-worx-positec","status":"publish","type":"page","link":"https:\/\/positec-europe.com\/fr\/nos-marques-doutils-electriques-worx-positec\/","title":{"rendered":"Nos marques d&rsquo;outils \u00e9lectriques &#8211; Worx\u00ae | Positec"},"content":{"rendered":"\t\t<div data-elementor-type=\"wp-page\" data-elementor-id=\"4334\" class=\"elementor elementor-4334 elementor-596\" data-elementor-post-type=\"page\">\n\t\t\t\t<div class=\"elementor-element elementor-element-bf28c8a e-flex e-con-boxed e-con e-parent\" data-id=\"bf28c8a\" data-element_type=\"container\" data-e-type=\"container\">\n\t\t\t\t\t<div class=\"e-con-inner\">\n\t\t<div class=\"elementor-element elementor-element-bd133eb e-con-full e-flex e-con e-child\" data-id=\"bd133eb\" data-element_type=\"container\" data-e-type=\"container\">\n\t\t\t\t<div class=\"elementor-element elementor-element-0b09e33 elementor-widget elementor-widget-image\" data-id=\"0b09e33\" data-element_type=\"widget\" data-e-type=\"widget\" data-widget_type=\"image.default\">\n\t\t\t\t<div class=\"elementor-widget-container\">\n\t\t\t\t\t\t\t\t\t\t\t\t\t\t\t<img fetchpriority=\"high\" decoding=\"async\" width=\"800\" height=\"561\" src=\"https:\/\/positec-europe.com\/wp-content\/uploads\/2024\/07\/Landroid_VISION_M_08_3805_1200X841-1024x718.jpg\" class=\"attachment-large size-large wp-image-4343\" alt=\"\" srcset=\"https:\/\/positec-europe.com\/wp-content\/uploads\/2024\/07\/Landroid_VISION_M_08_3805_1200X841-1024x718.jpg 1024w, https:\/\/positec-europe.com\/wp-content\/uploads\/2024\/07\/Landroid_VISION_M_08_3805_1200X841-300x210.jpg 300w, https:\/\/positec-europe.com\/wp-content\/uploads\/2024\/07\/Landroid_VISION_M_08_3805_1200X841-768x538.jpg 768w, https:\/\/positec-europe.com\/wp-content\/uploads\/2024\/07\/Landroid_VISION_M_08_3805_1200X841.jpg 1200w\" sizes=\"(max-width: 800px) 100vw, 800px\" \/>\t\t\t\t\t\t\t\t\t\t\t\t\t\t\t<\/div>\n\t\t\t\t<\/div>\n\t\t\t\t<\/div>\n\t\t<div class=\"elementor-element elementor-element-f6b731e e-con-full e-flex e-con e-child\" data-id=\"f6b731e\" data-element_type=\"container\" data-e-type=\"container\">\n\t\t\t\t<div class=\"elementor-element elementor-element-949d610 elementor-widget elementor-widget-text-editor\" data-id=\"949d610\" data-element_type=\"widget\" data-e-type=\"widget\" data-widget_type=\"text-editor.default\">\n\t\t\t\t<div class=\"elementor-widget-container\">\n\t\t\t\t\t\t\t\t\t<p>Est. 2003<\/p>\t\t\t\t\t\t\t\t<\/div>\n\t\t\t\t<\/div>\n\t\t\t\t<div class=\"elementor-element elementor-element-04319c9 elementor-widget elementor-widget-image\" data-id=\"04319c9\" data-element_type=\"widget\" data-e-type=\"widget\" data-widget_type=\"image.default\">\n\t\t\t\t<div class=\"elementor-widget-container\">\n\t\t\t\t\t\t\t\t\t\t\t\t\t\t\t<img decoding=\"async\" width=\"600\" height=\"121\" src=\"https:\/\/positec-europe.com\/wp-content\/uploads\/2024\/04\/worx-vector-logo_V2.svg\" class=\"attachment-large size-large wp-image-4336\" alt=\"\" \/>\t\t\t\t\t\t\t\t\t\t\t\t\t\t\t<\/div>\n\t\t\t\t<\/div>\n\t\t\t\t<div class=\"elementor-element elementor-element-ed09c1f elementor-widget elementor-widget-text-editor\" data-id=\"ed09c1f\" data-element_type=\"widget\" data-e-type=\"widget\" data-widget_type=\"text-editor.default\">\n\t\t\t\t<div class=\"elementor-widget-container\">\n\t\t\t\t\t\t\t\t\tChez Worx\u00ae, nous comprenons l&rsquo;utilisateur et d\u00e9veloppons de nouvelles id\u00e9es sur la mani\u00e8re d&rsquo;aborder les d\u00e9fis de mani\u00e8re meilleure, plus rapide, plus simple et plus efficace.\t\t\t\t\t\t\t\t<\/div>\n\t\t\t\t<\/div>\n\t\t\t\t<div class=\"elementor-element elementor-element-db3489b elementor-align-center pbutton elementor-widget elementor-widget-button\" data-id=\"db3489b\" data-element_type=\"widget\" data-e-type=\"widget\" data-widget_type=\"button.default\">\n\t\t\t\t<div class=\"elementor-widget-container\">\n\t\t\t\t\t\t\t\t\t<div class=\"elementor-button-wrapper\">\n\t\t\t\t\t<a class=\"elementor-button elementor-button-link elementor-size-sm\" href=\"https:\/\/eu.worx.com\/de-de\/\" target=\"_blank\" rel=\"noopener\">\n\t\t\t\t\t\t<span class=\"elementor-button-content-wrapper\">\n\t\t\t\t\t\t\t\t\t<span class=\"elementor-button-text\">VERS LE SITE DE LA MARQUE<\/span>\n\t\t\t\t\t<\/span>\n\t\t\t\t\t<\/a>\n\t\t\t\t<\/div>\n\t\t\t\t\t\t\t\t<\/div>\n\t\t\t\t<\/div>\n\t\t\t\t<\/div>\n\t\t\t\t\t<\/div>\n\t\t\t\t<\/div>\n\t\t<div class=\"elementor-element elementor-element-e356ed2 e-flex e-con-boxed e-con e-parent\" data-id=\"e356ed2\" data-element_type=\"container\" data-e-type=\"container\">\n\t\t\t\t\t<div class=\"e-con-inner\">\n\t\t<div class=\"elementor-element elementor-element-5db5bd5 e-con-full e-flex e-con e-child\" data-id=\"5db5bd5\" data-element_type=\"container\" data-e-type=\"container\">\n\t\t\t\t<div class=\"elementor-element elementor-element-52fdccd elementor-widget elementor-widget-heading\" data-id=\"52fdccd\" data-element_type=\"widget\" data-e-type=\"widget\" data-widget_type=\"heading.default\">\n\t\t\t\t<div class=\"elementor-widget-container\">\n\t\t\t\t\t<h2 class=\"elementor-heading-title elementor-size-default\">\u00c0 PROPOS DE NOUS<\/h2>\t\t\t\t<\/div>\n\t\t\t\t<\/div>\n\t\t\t\t<div class=\"elementor-element elementor-element-9d001f6 elementor-widget elementor-widget-heading\" data-id=\"9d001f6\" data-element_type=\"widget\" data-e-type=\"widget\" data-widget_type=\"heading.default\">\n\t\t\t\t<div class=\"elementor-widget-container\">\n\t\t\t\t\t<h2 class=\"elementor-heading-title elementor-size-default\">La passion de faciliter la vie des clients.<\/h2>\t\t\t\t<\/div>\n\t\t\t\t<\/div>\n\t\t\t\t<div class=\"elementor-element elementor-element-d06b7c3 elementor-widget elementor-widget-text-editor\" data-id=\"d06b7c3\" data-element_type=\"widget\" data-e-type=\"widget\" data-widget_type=\"text-editor.default\">\n\t\t\t\t<div class=\"elementor-widget-container\">\n\t\t\t\t\t\t\t\t\t<p>Worx\u00ae est une marque \u00e9tablie qui fait avancer l&rsquo;industrie. Notre objectif peut sembler simple : d\u00e9velopper des produits qui aident les gens \u00e0 entretenir leur maison et leurs jardins \u2013 mais cela ne nous suffit pas. Nous repensons constamment nos produits pour les am\u00e9liorer en permanence et accro\u00eetre l&rsquo;avantage pour le client.<\/p>\t\t\t\t\t\t\t\t<\/div>\n\t\t\t\t<\/div>\n\t\t\t\t<\/div>\n\t\t<div class=\"elementor-element elementor-element-629cddb e-con-full e-flex e-con e-child\" data-id=\"629cddb\" data-element_type=\"container\" data-e-type=\"container\">\n\t\t\t\t<div class=\"elementor-element elementor-element-568fc98 elementor-widget elementor-widget-image\" data-id=\"568fc98\" data-element_type=\"widget\" data-e-type=\"widget\" data-widget_type=\"image.default\">\n\t\t\t\t<div class=\"elementor-widget-container\">\n\t\t\t\t\t\t\t\t\t\t\t\t\t\t\t<img decoding=\"async\" width=\"800\" height=\"534\" src=\"https:\/\/positec-europe.com\/wp-content\/uploads\/2024\/07\/03_CHAINSAW_3401_1200X800-1024x683.webp\" class=\"attachment-large size-large wp-image-4344\" alt=\"\" srcset=\"https:\/\/positec-europe.com\/wp-content\/uploads\/2024\/07\/03_CHAINSAW_3401_1200X800-1024x683.webp 1024w, https:\/\/positec-europe.com\/wp-content\/uploads\/2024\/07\/03_CHAINSAW_3401_1200X800-300x200.webp 300w, https:\/\/positec-europe.com\/wp-content\/uploads\/2024\/07\/03_CHAINSAW_3401_1200X800-768x512.webp 768w, https:\/\/positec-europe.com\/wp-content\/uploads\/2024\/07\/03_CHAINSAW_3401_1200X800.webp 1200w\" sizes=\"(max-width: 800px) 100vw, 800px\" \/>\t\t\t\t\t\t\t\t\t\t\t\t\t\t\t<\/div>\n\t\t\t\t<\/div>\n\t\t\t\t<\/div>\n\t\t\t\t\t<\/div>\n\t\t\t\t<\/div>\n\t\t<div class=\"elementor-element elementor-element-022d552 e-flex e-con-boxed e-con e-parent\" data-id=\"022d552\" data-element_type=\"container\" data-e-type=\"container\">\n\t\t\t\t\t<div class=\"e-con-inner\">\n\t\t<div class=\"elementor-element elementor-element-6cd6e68 e-con-full e-flex e-con e-child\" data-id=\"6cd6e68\" data-element_type=\"container\" data-e-type=\"container\">\n\t\t\t\t<div class=\"elementor-element elementor-element-e6b78a4 elementor-widget elementor-widget-image\" data-id=\"e6b78a4\" data-element_type=\"widget\" data-e-type=\"widget\" data-widget_type=\"image.default\">\n\t\t\t\t<div class=\"elementor-widget-container\">\n\t\t\t\t\t\t\t\t\t\t\t\t\t\t\t<img loading=\"lazy\" decoding=\"async\" width=\"800\" height=\"534\" src=\"https:\/\/positec-europe.com\/wp-content\/uploads\/2024\/07\/WX394-91_1895_1200X800-1024x683.webp\" class=\"attachment-large size-large wp-image-4345\" alt=\"\" srcset=\"https:\/\/positec-europe.com\/wp-content\/uploads\/2024\/07\/WX394-91_1895_1200X800-1024x683.webp 1024w, https:\/\/positec-europe.com\/wp-content\/uploads\/2024\/07\/WX394-91_1895_1200X800-300x200.webp 300w, https:\/\/positec-europe.com\/wp-content\/uploads\/2024\/07\/WX394-91_1895_1200X800-768x512.webp 768w, https:\/\/positec-europe.com\/wp-content\/uploads\/2024\/07\/WX394-91_1895_1200X800.webp 1200w\" sizes=\"(max-width: 800px) 100vw, 800px\" \/>\t\t\t\t\t\t\t\t\t\t\t\t\t\t\t<\/div>\n\t\t\t\t<\/div>\n\t\t\t\t<\/div>\n\t\t<div class=\"elementor-element elementor-element-fd5f018 e-con-full e-flex e-con e-child\" data-id=\"fd5f018\" data-element_type=\"container\" data-e-type=\"container\">\n\t\t\t\t<div class=\"elementor-element elementor-element-4c35196 elementor-widget elementor-widget-heading\" data-id=\"4c35196\" data-element_type=\"widget\" data-e-type=\"widget\" data-widget_type=\"heading.default\">\n\t\t\t\t<div class=\"elementor-widget-container\">\n\t\t\t\t\t<h2 class=\"elementor-heading-title elementor-size-default\">HISTOIRE<\/h2>\t\t\t\t<\/div>\n\t\t\t\t<\/div>\n\t\t\t\t<div class=\"elementor-element elementor-element-af09b2c elementor-widget elementor-widget-text-editor\" data-id=\"af09b2c\" data-element_type=\"widget\" data-e-type=\"widget\" data-widget_type=\"text-editor.default\">\n\t\t\t\t<div class=\"elementor-widget-container\">\n\t\t\t\t\t\t\t\t\tLa marque Worx\u00ae a \u00e9t\u00e9 cr\u00e9\u00e9e \u00e0 l&rsquo;aube du nouveau mill\u00e9naire, lorsque Positec a commenc\u00e9 \u00e0 transformer le march\u00e9 avec ses innovations repens\u00e9es. Depuis le lancement de nos premiers produits Worx\u00ae en 2003, la marque Worx\u00ae est devenue synonyme de d\u00e9veloppements novateurs. Aujourd&rsquo;hui, Worx\u00ae est une marque bien \u00e9tablie sur les march\u00e9s du monde entier. La marque Worx\u00ae est vendue dans presque tous les grands magasins de bricolage et magasins sp\u00e9cialis\u00e9s \u00e0 travers le globe. L&rsquo;\u00e9quipe Worx\u00ae consacre son temps et son \u00e9nergie \u00e0 enthousiasmer des millions d&rsquo;amateurs de bricolage et de jardinage \u2013 beaucoup d&rsquo;entre eux sont devenus des ambassadeurs passionn\u00e9s de la marque Worx\u00ae. Et le meilleur est encore \u00e0 venir.\t\t\t\t\t\t\t\t<\/div>\n\t\t\t\t<\/div>\n\t\t\t\t<\/div>\n\t\t\t\t\t<\/div>\n\t\t\t\t<\/div>\n\t\t<div class=\"elementor-element elementor-element-0b74bc3 e-flex e-con-boxed e-con e-parent\" data-id=\"0b74bc3\" data-element_type=\"container\" data-e-type=\"container\">\n\t\t\t\t\t<div class=\"e-con-inner\">\n\t\t\t\t<div class=\"elementor-element elementor-element-26b1cd0 elementor-widget elementor-widget-heading\" data-id=\"26b1cd0\" data-element_type=\"widget\" data-e-type=\"widget\" data-widget_type=\"heading.default\">\n\t\t\t\t<div class=\"elementor-widget-container\">\n\t\t\t\t\t<h2 class=\"elementor-heading-title elementor-size-default\">R\u00c9FL\u00c9CHIR. METTRE EN \u0152UVRE. R\u00c9SULTATS. R\u00c9P\u00c9TER.<\/h2>\t\t\t\t<\/div>\n\t\t\t\t<\/div>\n\t\t\t\t\t<\/div>\n\t\t\t\t<\/div>\n\t\t<div class=\"elementor-element elementor-element-a8e4c05 e-flex e-con-boxed e-con e-parent\" data-id=\"a8e4c05\" data-element_type=\"container\" data-e-type=\"container\">\n\t\t\t\t\t<div class=\"e-con-inner\">\n\t\t<div class=\"elementor-element elementor-element-b061f0a e-con-full e-flex e-con e-child\" data-id=\"b061f0a\" data-element_type=\"container\" data-e-type=\"container\">\n\t\t\t\t<div class=\"elementor-element elementor-element-86fa04b elementor-widget elementor-widget-image\" data-id=\"86fa04b\" data-element_type=\"widget\" data-e-type=\"widget\" data-widget_type=\"image.default\">\n\t\t\t\t<div class=\"elementor-widget-container\">\n\t\t\t\t\t\t\t\t\t\t\t\t\t\t\t<img loading=\"lazy\" decoding=\"async\" width=\"800\" height=\"534\" src=\"https:\/\/positec-europe.com\/wp-content\/uploads\/2024\/07\/Powershare_0810_1200X800-1024x683.webp\" class=\"attachment-large size-large wp-image-4347\" alt=\"\" srcset=\"https:\/\/positec-europe.com\/wp-content\/uploads\/2024\/07\/Powershare_0810_1200X800-1024x683.webp 1024w, https:\/\/positec-europe.com\/wp-content\/uploads\/2024\/07\/Powershare_0810_1200X800-300x200.webp 300w, https:\/\/positec-europe.com\/wp-content\/uploads\/2024\/07\/Powershare_0810_1200X800-768x512.webp 768w, https:\/\/positec-europe.com\/wp-content\/uploads\/2024\/07\/Powershare_0810_1200X800.webp 1200w\" sizes=\"(max-width: 800px) 100vw, 800px\" \/>\t\t\t\t\t\t\t\t\t\t\t\t\t\t\t<\/div>\n\t\t\t\t<\/div>\n\t\t\t\t<\/div>\n\t\t<div class=\"elementor-element elementor-element-c2bd7bb e-con-full e-flex e-con e-child\" data-id=\"c2bd7bb\" data-element_type=\"container\" data-e-type=\"container\">\n\t\t\t\t<div class=\"elementor-element elementor-element-5c5adb4 elementor-widget elementor-widget-image\" data-id=\"5c5adb4\" data-element_type=\"widget\" data-e-type=\"widget\" data-widget_type=\"image.default\">\n\t\t\t\t<div class=\"elementor-widget-container\">\n\t\t\t\t\t\t\t\t\t\t\t\t\t\t\t<img loading=\"lazy\" decoding=\"async\" width=\"800\" height=\"534\" src=\"https:\/\/positec-europe.com\/wp-content\/uploads\/2024\/08\/08_HEDGECUTTER_7897_2-1024x683.webp\" class=\"attachment-large size-large wp-image-4349\" alt=\"\" srcset=\"https:\/\/positec-europe.com\/wp-content\/uploads\/2024\/08\/08_HEDGECUTTER_7897_2-1024x683.webp 1024w, https:\/\/positec-europe.com\/wp-content\/uploads\/2024\/08\/08_HEDGECUTTER_7897_2-300x200.webp 300w, https:\/\/positec-europe.com\/wp-content\/uploads\/2024\/08\/08_HEDGECUTTER_7897_2-768x512.webp 768w, https:\/\/positec-europe.com\/wp-content\/uploads\/2024\/08\/08_HEDGECUTTER_7897_2.webp 1200w\" sizes=\"(max-width: 800px) 100vw, 800px\" \/>\t\t\t\t\t\t\t\t\t\t\t\t\t\t\t<\/div>\n\t\t\t\t<\/div>\n\t\t\t\t<\/div>\n\t\t<div class=\"elementor-element elementor-element-60525cf e-con-full e-flex e-con e-child\" data-id=\"60525cf\" data-element_type=\"container\" data-e-type=\"container\">\n\t\t<div class=\"elementor-element elementor-element-0f2378e e-flex e-con-boxed e-con e-child\" data-id=\"0f2378e\" data-element_type=\"container\" data-e-type=\"container\">\n\t\t\t\t\t<div class=\"e-con-inner\">\n\t\t\t\t<div class=\"elementor-element elementor-element-e7e5c15 elementor-widget elementor-widget-image\" data-id=\"e7e5c15\" data-element_type=\"widget\" data-e-type=\"widget\" data-widget_type=\"image.default\">\n\t\t\t\t<div class=\"elementor-widget-container\">\n\t\t\t\t\t\t\t\t\t\t\t\t\t\t\t<img loading=\"lazy\" decoding=\"async\" width=\"800\" height=\"533\" src=\"https:\/\/positec-europe.com\/wp-content\/uploads\/2024\/04\/WX697L_20V-OMT_1808.webp\" class=\"attachment-large size-large wp-image-4341\" alt=\"\" srcset=\"https:\/\/positec-europe.com\/wp-content\/uploads\/2024\/04\/WX697L_20V-OMT_1808.webp 900w, https:\/\/positec-europe.com\/wp-content\/uploads\/2024\/04\/WX697L_20V-OMT_1808-300x200.webp 300w, https:\/\/positec-europe.com\/wp-content\/uploads\/2024\/04\/WX697L_20V-OMT_1808-768x512.webp 768w\" sizes=\"(max-width: 800px) 100vw, 800px\" \/>\t\t\t\t\t\t\t\t\t\t\t\t\t\t\t<\/div>\n\t\t\t\t<\/div>\n\t\t\t\t\t<\/div>\n\t\t\t\t<\/div>\n\t\t\t\t<\/div>\n\t\t\t\t\t<\/div>\n\t\t\t\t<\/div>\n\t\t<div class=\"elementor-element elementor-element-23118efc e-flex e-con-boxed e-con e-parent\" data-id=\"23118efc\" data-element_type=\"container\" data-e-type=\"container\" data-settings=\"{&quot;background_background&quot;:&quot;classic&quot;}\">\n\t\t\t\t\t<div class=\"e-con-inner\">\n\t\t\t\t<div class=\"elementor-element elementor-element-1bd60475 elementor-widget elementor-widget-n-carousel\" data-id=\"1bd60475\" data-element_type=\"widget\" data-e-type=\"widget\" data-settings=\"{&quot;carousel_items&quot;:[{&quot;slide_title&quot;:&quot;Worx&quot;,&quot;_id&quot;:&quot;8425888&quot;},{&quot;slide_title&quot;:&quot;Kress&quot;,&quot;_id&quot;:&quot;98659bf&quot;}],&quot;slides_to_show&quot;:&quot;2&quot;,&quot;image_spacing_custom&quot;:{&quot;unit&quot;:&quot;px&quot;,&quot;size&quot;:0,&quot;sizes&quot;:[]},&quot;slides_to_show_mobile&quot;:&quot;2&quot;,&quot;slides_to_show_tablet&quot;:&quot;2&quot;,&quot;infinite&quot;:&quot;yes&quot;,&quot;speed&quot;:500,&quot;offset_sides&quot;:&quot;none&quot;,&quot;image_spacing_custom_tablet&quot;:{&quot;unit&quot;:&quot;px&quot;,&quot;size&quot;:&quot;&quot;,&quot;sizes&quot;:[]},&quot;image_spacing_custom_mobile&quot;:{&quot;unit&quot;:&quot;px&quot;,&quot;size&quot;:&quot;&quot;,&quot;sizes&quot;:[]}}\" data-widget_type=\"nested-carousel.default\">\n\t\t\t\t<div class=\"elementor-widget-container\">\n\t\t\t\t\t\t\t<div class=\"e-n-carousel swiper\" role=\"region\" aria-roledescription=\"carousel\" aria-label=\"Carousel\" dir=\"ltr\">\n\t\t\t<div class=\"swiper-wrapper\" aria-live=\"polite\">\n\t\t\t\t\t\t\t\t\t\t<div class=\"swiper-slide\" data-slide=\"1\" role=\"group\" aria-roledescription=\"slide\" aria-label=\"1 sur 2\">\n\t\t\t\t\t\t\t<div class=\"elementor-element elementor-element-33fa6dac e-flex e-con-boxed e-con e-child\" data-id=\"33fa6dac\" data-element_type=\"container\" data-e-type=\"container\">\n\t\t\t\t\t<div class=\"e-con-inner\">\n\t\t<div class=\"elementor-element elementor-element-20839d9 e-flex e-con-boxed e-con e-child\" data-id=\"20839d9\" data-element_type=\"container\" data-e-type=\"container\">\n\t\t\t\t\t<div class=\"e-con-inner\">\n\t\t\t\t<div class=\"elementor-element elementor-element-83558b8 elementor-widget elementor-widget-image\" data-id=\"83558b8\" data-element_type=\"widget\" data-e-type=\"widget\" data-widget_type=\"image.default\">\n\t\t\t\t<div class=\"elementor-widget-container\">\n\t\t\t\t\t\t\t\t\t\t\t\t\t\t\t\t<a href=\"https:\/\/positec-europe.com\/worx\/\">\n\t\t\t\t\t\t\t<img loading=\"lazy\" decoding=\"async\" width=\"424\" height=\"958\" src=\"https:\/\/positec-europe.com\/wp-content\/uploads\/2024\/07\/Worx_image_V5.webp\" class=\"elementor-animation-shrink attachment-large size-large wp-image-4151\" alt=\"\" srcset=\"https:\/\/positec-europe.com\/wp-content\/uploads\/2024\/07\/Worx_image_V5.webp 424w, https:\/\/positec-europe.com\/wp-content\/uploads\/2024\/07\/Worx_image_V5-133x300.webp 133w\" sizes=\"(max-width: 424px) 100vw, 424px\" \/>\t\t\t\t\t\t\t\t<\/a>\n\t\t\t\t\t\t\t\t\t\t\t\t\t\t\t<\/div>\n\t\t\t\t<\/div>\n\t\t\t\t\t<\/div>\n\t\t\t\t<\/div>\n\t\t\t\t\t<\/div>\n\t\t\t\t<\/div>\n\t\t\t\t\t\t\t\t<\/div>\n\t\t\t\t\t\t\t\t\t\t\t<div class=\"swiper-slide\" data-slide=\"2\" role=\"group\" aria-roledescription=\"slide\" aria-label=\"2 sur 2\">\n\t\t\t\t\t\t\t<div class=\"elementor-element elementor-element-139e439a e-flex e-con-boxed e-con e-child\" data-id=\"139e439a\" data-element_type=\"container\" data-e-type=\"container\">\n\t\t\t\t\t<div class=\"e-con-inner\">\n\t\t<div class=\"elementor-element elementor-element-50297ad1 e-flex e-con-boxed e-con e-child\" data-id=\"50297ad1\" data-element_type=\"container\" data-e-type=\"container\">\n\t\t\t\t\t<div class=\"e-con-inner\">\n\t\t\t\t<div class=\"elementor-element elementor-element-7706fdd4 elementor-widget elementor-widget-image\" data-id=\"7706fdd4\" data-element_type=\"widget\" data-e-type=\"widget\" data-widget_type=\"image.default\">\n\t\t\t\t<div class=\"elementor-widget-container\">\n\t\t\t\t\t\t\t\t\t\t\t\t\t\t\t\t<a href=\"https:\/\/positec-europe.com\/kress\/\">\n\t\t\t\t\t\t\t<img loading=\"lazy\" decoding=\"async\" width=\"424\" height=\"958\" src=\"https:\/\/positec-europe.com\/wp-content\/uploads\/2024\/07\/Kress_Image_2_V1.webp\" class=\"elementor-animation-shrink attachment-large size-large wp-image-4348\" alt=\"\" srcset=\"https:\/\/positec-europe.com\/wp-content\/uploads\/2024\/07\/Kress_Image_2_V1.webp 424w, https:\/\/positec-europe.com\/wp-content\/uploads\/2024\/07\/Kress_Image_2_V1-133x300.webp 133w\" sizes=\"(max-width: 424px) 100vw, 424px\" \/>\t\t\t\t\t\t\t\t<\/a>\n\t\t\t\t\t\t\t\t\t\t\t\t\t\t\t<\/div>\n\t\t\t\t<\/div>\n\t\t\t\t\t<\/div>\n\t\t\t\t<\/div>\n\t\t\t\t\t<\/div>\n\t\t\t\t<\/div>\n\t\t\t\t\t\t\t\t<\/div>\n\t\t\t\t\t\t\t\t<\/div>\n\t\t<\/div>\n\t\t\t\t\t\t<\/div>\n\t\t\t\t<\/div>\n\t\t\t\t\t<\/div>\n\t\t\t\t<\/div>\n\t\t\t\t<\/div>\n\t\t","protected":false},"excerpt":{"rendered":"<p>Est. 2003 Chez Worx\u00ae, nous comprenons l&rsquo;utilisateur et d\u00e9veloppons de nouvelles id\u00e9es sur la mani\u00e8re d&rsquo;aborder les d\u00e9fis de mani\u00e8re meilleure, plus rapide, plus simple et plus efficace. VERS LE SITE DE LA MARQUE \u00c0 PROPOS DE NOUS La passion de faciliter la vie des clients. Worx\u00ae est une marque \u00e9tablie qui fait avancer l&rsquo;industrie. [&hellip;]<\/p>\n","protected":false},"author":1,"featured_media":0,"parent":0,"menu_order":0,"comment_status":"closed","ping_status":"closed","template":"","meta":{"_acf_changed":false,"footnotes":""},"class_list":["post-4334","page","type-page","status-publish","hentry"],"acf":[],"_links":{"self":[{"href":"https:\/\/positec-europe.com\/fr\/wp-json\/wp\/v2\/pages\/4334","targetHints":{"allow":["GET"]}}],"collection":[{"href":"https:\/\/positec-europe.com\/fr\/wp-json\/wp\/v2\/pages"}],"about":[{"href":"https:\/\/positec-europe.com\/fr\/wp-json\/wp\/v2\/types\/page"}],"author":[{"embeddable":true,"href":"https:\/\/positec-europe.com\/fr\/wp-json\/wp\/v2\/users\/1"}],"replies":[{"embeddable":true,"href":"https:\/\/positec-europe.com\/fr\/wp-json\/wp\/v2\/comments?post=4334"}],"version-history":[{"count":1,"href":"https:\/\/positec-europe.com\/fr\/wp-json\/wp\/v2\/pages\/4334\/revisions"}],"predecessor-version":[{"id":4350,"href":"https:\/\/positec-europe.com\/fr\/wp-json\/wp\/v2\/pages\/4334\/revisions\/4350"}],"wp:attachment":[{"href":"https:\/\/positec-europe.com\/fr\/wp-json\/wp\/v2\/media?parent=4334"}],"curies":[{"name":"wp","href":"https:\/\/api.w.org\/{rel}","templated":true}]}}