{"id":4351,"date":"2024-04-10T23:48:23","date_gmt":"2024-04-10T21:48:23","guid":{"rendered":"https:\/\/positec-europe.com\/nos-marques-doutils-electriques-kress-positec\/"},"modified":"2025-07-15T23:50:59","modified_gmt":"2025-07-15T21:50:59","slug":"nos-marques-doutils-electriques-kress-positec","status":"publish","type":"page","link":"https:\/\/positec-europe.com\/fr\/nos-marques-doutils-electriques-kress-positec\/","title":{"rendered":"Nos marques d&rsquo;outils \u00e9lectriques &#8211; Kress | Positec"},"content":{"rendered":"\t\t<div data-elementor-type=\"wp-page\" data-elementor-id=\"4351\" class=\"elementor elementor-4351 elementor-766\" data-elementor-post-type=\"page\">\n\t\t\t\t<div class=\"elementor-element elementor-element-13e458c e-flex e-con-boxed e-con e-parent\" data-id=\"13e458c\" data-element_type=\"container\" data-e-type=\"container\">\n\t\t\t\t\t<div class=\"e-con-inner\">\n\t\t<div class=\"elementor-element elementor-element-4bb635a e-con-full e-flex e-con e-child\" data-id=\"4bb635a\" data-element_type=\"container\" data-e-type=\"container\">\n\t\t\t\t<div class=\"elementor-element elementor-element-b3679df elementor-widget elementor-widget-image\" data-id=\"b3679df\" data-element_type=\"widget\" data-e-type=\"widget\" data-widget_type=\"image.default\">\n\t\t\t\t<div class=\"elementor-widget-container\">\n\t\t\t\t\t\t\t\t\t\t\t\t\t\t\t<img fetchpriority=\"high\" decoding=\"async\" width=\"800\" height=\"836\" src=\"https:\/\/positec-europe.com\/wp-content\/uploads\/2024\/07\/KC170_Kress_60V_Commercial_Freischneider_BrushCutter-_1__1199X800_V2-980x1024.webp\" class=\"attachment-large size-large wp-image-4357\" alt=\"\" srcset=\"https:\/\/positec-europe.com\/wp-content\/uploads\/2024\/07\/KC170_Kress_60V_Commercial_Freischneider_BrushCutter-_1__1199X800_V2-980x1024.webp 980w, https:\/\/positec-europe.com\/wp-content\/uploads\/2024\/07\/KC170_Kress_60V_Commercial_Freischneider_BrushCutter-_1__1199X800_V2-287x300.webp 287w, https:\/\/positec-europe.com\/wp-content\/uploads\/2024\/07\/KC170_Kress_60V_Commercial_Freischneider_BrushCutter-_1__1199X800_V2-768x803.webp 768w, https:\/\/positec-europe.com\/wp-content\/uploads\/2024\/07\/KC170_Kress_60V_Commercial_Freischneider_BrushCutter-_1__1199X800_V2.webp 1199w\" sizes=\"(max-width: 800px) 100vw, 800px\" \/>\t\t\t\t\t\t\t\t\t\t\t\t\t\t\t<\/div>\n\t\t\t\t<\/div>\n\t\t\t\t<div class=\"elementor-element elementor-element-bd5e0d4 elementor-widget elementor-widget-image\" data-id=\"bd5e0d4\" data-element_type=\"widget\" data-e-type=\"widget\" data-widget_type=\"image.default\">\n\t\t\t\t<div class=\"elementor-widget-container\">\n\t\t\t\t\t\t\t\t\t\t\t\t\t\t\t<img decoding=\"async\" width=\"800\" height=\"534\" src=\"https:\/\/positec-europe.com\/wp-content\/uploads\/2024\/07\/Kress_RoboticMower_54_1200X800-1024x683.webp\" class=\"attachment-large size-large wp-image-4360\" alt=\"\" srcset=\"https:\/\/positec-europe.com\/wp-content\/uploads\/2024\/07\/Kress_RoboticMower_54_1200X800-1024x683.webp 1024w, https:\/\/positec-europe.com\/wp-content\/uploads\/2024\/07\/Kress_RoboticMower_54_1200X800-300x200.webp 300w, https:\/\/positec-europe.com\/wp-content\/uploads\/2024\/07\/Kress_RoboticMower_54_1200X800-768x512.webp 768w, https:\/\/positec-europe.com\/wp-content\/uploads\/2024\/07\/Kress_RoboticMower_54_1200X800.webp 1200w\" sizes=\"(max-width: 800px) 100vw, 800px\" \/>\t\t\t\t\t\t\t\t\t\t\t\t\t\t\t<\/div>\n\t\t\t\t<\/div>\n\t\t\t\t<\/div>\n\t\t<div class=\"elementor-element elementor-element-1438802 e-con-full e-flex e-con e-child\" data-id=\"1438802\" data-element_type=\"container\" data-e-type=\"container\">\n\t\t\t\t<div class=\"elementor-element elementor-element-e29d648 elementor-widget elementor-widget-text-editor\" data-id=\"e29d648\" data-element_type=\"widget\" data-e-type=\"widget\" data-widget_type=\"text-editor.default\">\n\t\t\t\t<div class=\"elementor-widget-container\">\n\t\t\t\t\t\t\t\t\t<p>Est. 1928<\/p>\t\t\t\t\t\t\t\t<\/div>\n\t\t\t\t<\/div>\n\t\t\t\t<div class=\"elementor-element elementor-element-6234852 elementor-widget elementor-widget-image\" data-id=\"6234852\" data-element_type=\"widget\" data-e-type=\"widget\" data-widget_type=\"image.default\">\n\t\t\t\t<div class=\"elementor-widget-container\">\n\t\t\t\t\t\t\t\t\t\t\t\t\t\t\t<img decoding=\"async\" width=\"573\" height=\"131\" src=\"https:\/\/positec-europe.com\/wp-content\/uploads\/2024\/07\/kress_logo_2024.svg\" class=\"attachment-large size-large wp-image-4356\" alt=\"\" \/>\t\t\t\t\t\t\t\t\t\t\t\t\t\t\t<\/div>\n\t\t\t\t<\/div>\n\t\t\t\t<div class=\"elementor-element elementor-element-c1654d9 elementor-widget elementor-widget-text-editor\" data-id=\"c1654d9\" data-element_type=\"widget\" data-e-type=\"widget\" data-widget_type=\"text-editor.default\">\n\t\t\t\t<div class=\"elementor-widget-container\">\n\t\t\t\t\t\t\t\t\tKress\u00ae est depuis toujours reconnue pour ses outils \u00e9lectriques innovants. Le fondateur de l&rsquo;entreprise, Christian Kress\u00ae, a d\u00e9j\u00e0 en 1928 orient\u00e9 son attention vers les moteurs \u00e9lectriques. Depuis les ann\u00e9es 1960, l&rsquo;entreprise produit des machines de garage stationnaires et des outils \u00e9lectriques portables. En 1979, un centre de recherche et d\u00e9veloppement moderne a \u00e9t\u00e9 \u00e9tabli en Suisse, ax\u00e9 sur les outils \u00e0 batterie. Parall\u00e8lement, la distribution a \u00e9t\u00e9 \u00e9tendue \u00e0 60 pays. Apr\u00e8s la fusion avec le groupe Positec en 2017, la marque s&rsquo;est pleinement engag\u00e9e en faveur des appareils \u00e0 batterie pour un usage professionnel et priv\u00e9. En 2023, Kress\u00ae a lanc\u00e9 le syst\u00e8me Cyber de 8 minutes, qui \u00e9tablit de nouveaux standards mondiaux en mati\u00e8re de performance de batterie, de temps de charge et de long\u00e9vit\u00e9. En tant qu&rsquo;ic\u00f4ne de l&rsquo;ing\u00e9nierie allemande, Kress\u00ae s&rsquo;engage pour un avenir sans combustibles fossiles.\t\t\t\t\t\t\t\t<\/div>\n\t\t\t\t<\/div>\n\t\t\t\t<div class=\"elementor-element elementor-element-e3f15c9 elementor-align-center pbuttonred elementor-widget elementor-widget-button\" data-id=\"e3f15c9\" data-element_type=\"widget\" data-e-type=\"widget\" data-widget_type=\"button.default\">\n\t\t\t\t<div class=\"elementor-widget-container\">\n\t\t\t\t\t\t\t\t\t<div class=\"elementor-button-wrapper\">\n\t\t\t\t\t<a class=\"elementor-button elementor-button-link elementor-size-sm\" href=\"https:\/\/www.kress.com\/de-de\/%20%20\" target=\"_blank\" rel=\"noopener\">\n\t\t\t\t\t\t<span class=\"elementor-button-content-wrapper\">\n\t\t\t\t\t\t\t\t\t<span class=\"elementor-button-text\">VERS LE SITE DE LA MARQUE<\/span>\n\t\t\t\t\t<\/span>\n\t\t\t\t\t<\/a>\n\t\t\t\t<\/div>\n\t\t\t\t\t\t\t\t<\/div>\n\t\t\t\t<\/div>\n\t\t\t\t<\/div>\n\t\t\t\t\t<\/div>\n\t\t\t\t<\/div>\n\t\t<div class=\"elementor-element elementor-element-71a1b86 e-flex e-con-boxed e-con e-parent\" data-id=\"71a1b86\" data-element_type=\"container\" data-e-type=\"container\">\n\t\t\t\t\t<div class=\"e-con-inner\">\n\t\t<div class=\"elementor-element elementor-element-a817daa e-con-full e-flex e-con e-child\" data-id=\"a817daa\" data-element_type=\"container\" data-e-type=\"container\">\n\t\t\t\t<div class=\"elementor-element elementor-element-0d8e6ba elementor-widget-mobile__width-initial elementor-widget elementor-widget-heading\" data-id=\"0d8e6ba\" data-element_type=\"widget\" data-e-type=\"widget\" data-widget_type=\"heading.default\">\n\t\t\t\t<div class=\"elementor-widget-container\">\n\t\t\t\t\t<h2 class=\"elementor-heading-title elementor-size-default\">TOUT EST EN PERPETUEL CHANGEMENT<\/h2>\t\t\t\t<\/div>\n\t\t\t\t<\/div>\n\t\t\t\t<div class=\"elementor-element elementor-element-320e81a elementor-widget elementor-widget-text-editor\" data-id=\"320e81a\" data-element_type=\"widget\" data-e-type=\"widget\" data-widget_type=\"text-editor.default\">\n\t\t\t\t<div class=\"elementor-widget-container\">\n\t\t\t\t\t\t\t\t\tIl arrive fr\u00e9quemment que les choses, telles que nous les connaissions autrefois, changent fondamentalement, car elles sont remplac\u00e9es par une technologie r\u00e9volutionnaire. C&rsquo;est \u00e9galement le cas des outils de jardinage \u00e0 essence.\nPlus besoin de se rendre \u00e0 la station-service pour obtenir de l&rsquo;essence. Plus d&rsquo;entretiens co\u00fbteux.\t\t\t\t\t\t\t\t<\/div>\n\t\t\t\t<\/div>\n\t\t\t\t<\/div>\n\t\t<div class=\"elementor-element elementor-element-742cc75 e-con-full e-flex e-con e-child\" data-id=\"742cc75\" data-element_type=\"container\" data-e-type=\"container\">\n\t\t\t\t<div class=\"elementor-element elementor-element-a17731c elementor-widget elementor-widget-image\" data-id=\"a17731c\" data-element_type=\"widget\" data-e-type=\"widget\" data-widget_type=\"image.default\">\n\t\t\t\t<div class=\"elementor-widget-container\">\n\t\t\t\t\t\t\t\t\t\t\t\t\t\t\t<img loading=\"lazy\" decoding=\"async\" width=\"800\" height=\"534\" src=\"https:\/\/positec-europe.com\/wp-content\/uploads\/2024\/07\/KC300_Kress_60V_Kettensge_Chainsaw-_48__1199X800-1024x683.webp\" class=\"attachment-large size-large wp-image-4358\" alt=\"\" srcset=\"https:\/\/positec-europe.com\/wp-content\/uploads\/2024\/07\/KC300_Kress_60V_Kettensge_Chainsaw-_48__1199X800-1024x683.webp 1024w, https:\/\/positec-europe.com\/wp-content\/uploads\/2024\/07\/KC300_Kress_60V_Kettensge_Chainsaw-_48__1199X800-300x200.webp 300w, https:\/\/positec-europe.com\/wp-content\/uploads\/2024\/07\/KC300_Kress_60V_Kettensge_Chainsaw-_48__1199X800-768x512.webp 768w, https:\/\/positec-europe.com\/wp-content\/uploads\/2024\/07\/KC300_Kress_60V_Kettensge_Chainsaw-_48__1199X800.webp 1199w\" sizes=\"(max-width: 800px) 100vw, 800px\" \/>\t\t\t\t\t\t\t\t\t\t\t\t\t\t\t<\/div>\n\t\t\t\t<\/div>\n\t\t\t\t<\/div>\n\t\t\t\t\t<\/div>\n\t\t\t\t<\/div>\n\t\t<div class=\"elementor-element elementor-element-76828b3 e-flex e-con-boxed e-con e-parent\" data-id=\"76828b3\" data-element_type=\"container\" data-e-type=\"container\">\n\t\t\t\t\t<div class=\"e-con-inner\">\n\t\t<div class=\"elementor-element elementor-element-43f488f e-con-full e-flex e-con e-child\" data-id=\"43f488f\" data-element_type=\"container\" data-e-type=\"container\">\n\t\t\t\t<div class=\"elementor-element elementor-element-6dbdb6b elementor-widget elementor-widget-image\" data-id=\"6dbdb6b\" data-element_type=\"widget\" data-e-type=\"widget\" data-widget_type=\"image.default\">\n\t\t\t\t<div class=\"elementor-widget-container\">\n\t\t\t\t\t\t\t\t\t\t\t\t\t\t\t<img loading=\"lazy\" decoding=\"async\" width=\"800\" height=\"548\" src=\"https:\/\/positec-europe.com\/wp-content\/uploads\/2024\/08\/SCR-20240819-kten-1024x701.webp\" class=\"attachment-large size-large wp-image-4361\" alt=\"\" srcset=\"https:\/\/positec-europe.com\/wp-content\/uploads\/2024\/08\/SCR-20240819-kten-1024x701.webp 1024w, https:\/\/positec-europe.com\/wp-content\/uploads\/2024\/08\/SCR-20240819-kten-300x205.webp 300w, https:\/\/positec-europe.com\/wp-content\/uploads\/2024\/08\/SCR-20240819-kten-768x526.webp 768w, https:\/\/positec-europe.com\/wp-content\/uploads\/2024\/08\/SCR-20240819-kten.webp 1073w\" sizes=\"(max-width: 800px) 100vw, 800px\" \/>\t\t\t\t\t\t\t\t\t\t\t\t\t\t\t<\/div>\n\t\t\t\t<\/div>\n\t\t\t\t<\/div>\n\t\t<div class=\"elementor-element elementor-element-0439685 e-con-full e-flex e-con e-child\" data-id=\"0439685\" data-element_type=\"container\" data-e-type=\"container\">\n\t\t\t\t<div class=\"elementor-element elementor-element-ca8a971 elementor-widget elementor-widget-text-editor\" data-id=\"ca8a971\" data-element_type=\"widget\" data-e-type=\"widget\" data-widget_type=\"text-editor.default\">\n\t\t\t\t<div class=\"elementor-widget-container\">\n\t\t\t\t\t\t\t\t\tLe syst\u00e8me cybern\u00e9tique Kress\u00ae de 8 minutes recharge les batteries en un temps record. Sans \u00e9missions et presque silencieusement. En passant \u00e0 Kress, vous pr\u00e9servez non seulement la plan\u00e8te et votre sant\u00e9, mais aussi votre portefeuille.\t\t\t\t\t\t\t\t<\/div>\n\t\t\t\t<\/div>\n\t\t\t\t<\/div>\n\t\t\t\t\t<\/div>\n\t\t\t\t<\/div>\n\t\t<div class=\"elementor-element elementor-element-03521bb e-flex e-con-boxed e-con e-parent\" data-id=\"03521bb\" data-element_type=\"container\" data-e-type=\"container\">\n\t\t\t\t\t<div class=\"e-con-inner\">\n\t\t\t\t<div class=\"elementor-element elementor-element-66c8321 elementor-widget elementor-widget-heading\" data-id=\"66c8321\" data-element_type=\"widget\" data-e-type=\"widget\" data-widget_type=\"heading.default\">\n\t\t\t\t<div class=\"elementor-widget-container\">\n\t\t\t\t\t<h2 class=\"elementor-heading-title elementor-size-default\">DE PRODUCTION ALLEMANDE, CON\u00c7U POUR L'AVENIR.<\/h2>\t\t\t\t<\/div>\n\t\t\t\t<\/div>\n\t\t\t\t\t<\/div>\n\t\t\t\t<\/div>\n\t\t<div class=\"elementor-element elementor-element-d71a342 e-flex e-con-boxed e-con e-parent\" data-id=\"d71a342\" data-element_type=\"container\" data-e-type=\"container\" data-settings=\"{&quot;background_background&quot;:&quot;classic&quot;}\">\n\t\t\t\t\t<div class=\"e-con-inner\">\n\t\t\t\t<div class=\"elementor-element elementor-element-7025655 elementor-arrows-position-inside elementor-widget elementor-widget-n-carousel\" data-id=\"7025655\" data-element_type=\"widget\" data-e-type=\"widget\" data-settings=\"{&quot;carousel_items&quot;:[{&quot;slide_title&quot;:&quot;Worx&quot;,&quot;_id&quot;:&quot;8425888&quot;},{&quot;slide_title&quot;:&quot;Kress&quot;,&quot;_id&quot;:&quot;98659bf&quot;}],&quot;slides_to_show&quot;:&quot;2&quot;,&quot;image_spacing_custom&quot;:{&quot;unit&quot;:&quot;px&quot;,&quot;size&quot;:0,&quot;sizes&quot;:[]},&quot;slides_to_show_mobile&quot;:&quot;2&quot;,&quot;slides_to_show_tablet&quot;:&quot;2&quot;,&quot;infinite&quot;:&quot;yes&quot;,&quot;speed&quot;:500,&quot;offset_sides&quot;:&quot;none&quot;,&quot;arrows&quot;:&quot;yes&quot;,&quot;image_spacing_custom_tablet&quot;:{&quot;unit&quot;:&quot;px&quot;,&quot;size&quot;:&quot;&quot;,&quot;sizes&quot;:[]},&quot;image_spacing_custom_mobile&quot;:{&quot;unit&quot;:&quot;px&quot;,&quot;size&quot;:&quot;&quot;,&quot;sizes&quot;:[]}}\" data-widget_type=\"nested-carousel.default\">\n\t\t\t\t<div class=\"elementor-widget-container\">\n\t\t\t\t\t\t\t<div class=\"e-n-carousel swiper\" role=\"region\" aria-roledescription=\"carousel\" aria-label=\"Karussell\" dir=\"ltr\">\n\t\t\t<div class=\"swiper-wrapper\" aria-live=\"polite\">\n\t\t\t\t\t\t\t\t\t\t<div class=\"swiper-slide\" data-slide=\"1\" role=\"group\" aria-roledescription=\"slide\" aria-label=\"1 sur 2\">\n\t\t\t\t\t\t\t<div class=\"elementor-element elementor-element-0100574 e-flex e-con-boxed e-con e-child\" data-id=\"0100574\" data-element_type=\"container\" data-e-type=\"container\">\n\t\t\t\t\t<div class=\"e-con-inner\">\n\t\t<div class=\"elementor-element elementor-element-d2af654 e-flex e-con-boxed e-con e-child\" data-id=\"d2af654\" data-element_type=\"container\" data-e-type=\"container\">\n\t\t\t\t\t<div class=\"e-con-inner\">\n\t\t\t\t<div class=\"elementor-element elementor-element-47c7772 elementor-widget elementor-widget-image\" data-id=\"47c7772\" data-element_type=\"widget\" data-e-type=\"widget\" data-widget_type=\"image.default\">\n\t\t\t\t<div class=\"elementor-widget-container\">\n\t\t\t\t\t\t\t\t\t\t\t\t\t\t\t\t<a href=\"https:\/\/positec-europe.com\/worx\/\">\n\t\t\t\t\t\t\t<img loading=\"lazy\" decoding=\"async\" width=\"424\" height=\"958\" src=\"https:\/\/positec-europe.com\/wp-content\/uploads\/2024\/07\/Worx_image_V5.webp\" class=\"elementor-animation-shrink attachment-large size-large wp-image-4151\" alt=\"\" srcset=\"https:\/\/positec-europe.com\/wp-content\/uploads\/2024\/07\/Worx_image_V5.webp 424w, https:\/\/positec-europe.com\/wp-content\/uploads\/2024\/07\/Worx_image_V5-133x300.webp 133w\" sizes=\"(max-width: 424px) 100vw, 424px\" \/>\t\t\t\t\t\t\t\t<\/a>\n\t\t\t\t\t\t\t\t\t\t\t\t\t\t\t<\/div>\n\t\t\t\t<\/div>\n\t\t\t\t\t<\/div>\n\t\t\t\t<\/div>\n\t\t\t\t\t<\/div>\n\t\t\t\t<\/div>\n\t\t\t\t\t\t\t\t<\/div>\n\t\t\t\t\t\t\t\t\t\t\t<div class=\"swiper-slide\" data-slide=\"2\" role=\"group\" aria-roledescription=\"slide\" aria-label=\"2 sur 2\">\n\t\t\t\t\t\t\t<div class=\"elementor-element elementor-element-431d07a e-flex e-con-boxed e-con e-child\" data-id=\"431d07a\" data-element_type=\"container\" data-e-type=\"container\">\n\t\t\t\t\t<div class=\"e-con-inner\">\n\t\t<div class=\"elementor-element elementor-element-e94a1fd e-flex e-con-boxed e-con e-child\" data-id=\"e94a1fd\" data-element_type=\"container\" data-e-type=\"container\">\n\t\t\t\t\t<div class=\"e-con-inner\">\n\t\t\t\t<div class=\"elementor-element elementor-element-013ba55 elementor-widget elementor-widget-image\" data-id=\"013ba55\" data-element_type=\"widget\" data-e-type=\"widget\" data-widget_type=\"image.default\">\n\t\t\t\t<div class=\"elementor-widget-container\">\n\t\t\t\t\t\t\t\t\t\t\t\t\t\t\t\t<a href=\"https:\/\/positec-europe.com\/kress\/\">\n\t\t\t\t\t\t\t<img loading=\"lazy\" decoding=\"async\" width=\"424\" height=\"958\" src=\"https:\/\/positec-europe.com\/wp-content\/uploads\/2024\/07\/Kress_Image_V3.webp\" class=\"elementor-animation-shrink attachment-large size-large wp-image-4150\" alt=\"\" srcset=\"https:\/\/positec-europe.com\/wp-content\/uploads\/2024\/07\/Kress_Image_V3.webp 424w, https:\/\/positec-europe.com\/wp-content\/uploads\/2024\/07\/Kress_Image_V3-133x300.webp 133w\" sizes=\"(max-width: 424px) 100vw, 424px\" \/>\t\t\t\t\t\t\t\t<\/a>\n\t\t\t\t\t\t\t\t\t\t\t\t\t\t\t<\/div>\n\t\t\t\t<\/div>\n\t\t\t\t\t<\/div>\n\t\t\t\t<\/div>\n\t\t\t\t\t<\/div>\n\t\t\t\t<\/div>\n\t\t\t\t\t\t\t\t<\/div>\n\t\t\t\t\t\t\t\t<\/div>\n\t\t<\/div>\n\t\t\t\t\t<div class=\"elementor-swiper-button elementor-swiper-button-prev\" role=\"button\" tabindex=\"0\" aria-label=\"Pr\u00e9c\u00e9dent\">\n\t\t\t\t<svg aria-hidden=\"true\" class=\"e-font-icon-svg e-eicon-chevron-left\" viewBox=\"0 0 1000 1000\" xmlns=\"http:\/\/www.w3.org\/2000\/svg\"><path d=\"M646 125C629 125 613 133 604 142L308 442C296 454 292 471 292 487 292 504 296 521 308 533L604 854C617 867 629 875 646 875 663 875 679 871 692 858 704 846 713 829 713 812 713 796 708 779 692 767L438 487 692 225C700 217 708 204 708 187 708 171 704 154 692 142 675 129 663 125 646 125Z\"><\/path><\/svg>\t\t\t<\/div>\n\t\t\t<div class=\"elementor-swiper-button elementor-swiper-button-next\" role=\"button\" tabindex=\"0\" aria-label=\"Suivant\">\n\t\t\t\t<svg aria-hidden=\"true\" class=\"e-font-icon-svg e-eicon-chevron-right\" viewBox=\"0 0 1000 1000\" xmlns=\"http:\/\/www.w3.org\/2000\/svg\"><path d=\"M696 533C708 521 713 504 713 487 713 471 708 454 696 446L400 146C388 133 375 125 354 125 338 125 325 129 313 142 300 154 292 171 292 187 292 204 296 221 308 233L563 492 304 771C292 783 288 800 288 817 288 833 296 850 308 863 321 871 338 875 354 875 371 875 388 867 400 854L696 533Z\"><\/path><\/svg>\t\t\t<\/div>\n\t\t\t\t\t\t<\/div>\n\t\t\t\t<\/div>\n\t\t\t\t\t<\/div>\n\t\t\t\t<\/div>\n\t\t\t\t<\/div>\n\t\t","protected":false},"excerpt":{"rendered":"<p>Est. 1928 Kress\u00ae est depuis toujours reconnue pour ses outils \u00e9lectriques innovants. Le fondateur de l&rsquo;entreprise, Christian Kress\u00ae, a d\u00e9j\u00e0 en 1928 orient\u00e9 son attention vers les moteurs \u00e9lectriques. Depuis les ann\u00e9es 1960, l&rsquo;entreprise produit des machines de garage stationnaires et des outils \u00e9lectriques portables. En 1979, un centre de recherche et d\u00e9veloppement moderne a [&hellip;]<\/p>\n","protected":false},"author":1,"featured_media":0,"parent":0,"menu_order":0,"comment_status":"closed","ping_status":"closed","template":"","meta":{"_acf_changed":false,"footnotes":""},"class_list":["post-4351","page","type-page","status-publish","hentry"],"acf":[],"_links":{"self":[{"href":"https:\/\/positec-europe.com\/fr\/wp-json\/wp\/v2\/pages\/4351","targetHints":{"allow":["GET"]}}],"collection":[{"href":"https:\/\/positec-europe.com\/fr\/wp-json\/wp\/v2\/pages"}],"about":[{"href":"https:\/\/positec-europe.com\/fr\/wp-json\/wp\/v2\/types\/page"}],"author":[{"embeddable":true,"href":"https:\/\/positec-europe.com\/fr\/wp-json\/wp\/v2\/users\/1"}],"replies":[{"embeddable":true,"href":"https:\/\/positec-europe.com\/fr\/wp-json\/wp\/v2\/comments?post=4351"}],"version-history":[{"count":1,"href":"https:\/\/positec-europe.com\/fr\/wp-json\/wp\/v2\/pages\/4351\/revisions"}],"predecessor-version":[{"id":4362,"href":"https:\/\/positec-europe.com\/fr\/wp-json\/wp\/v2\/pages\/4351\/revisions\/4362"}],"wp:attachment":[{"href":"https:\/\/positec-europe.com\/fr\/wp-json\/wp\/v2\/media?parent=4351"}],"curies":[{"name":"wp","href":"https:\/\/api.w.org\/{rel}","templated":true}]}}